{"id":5,"date":"2015-07-03T10:13:20","date_gmt":"2015-07-03T10:13:20","guid":{"rendered":"http:\/\/vanheur.nl\/?page_id=5"},"modified":"2020-06-23T10:32:50","modified_gmt":"2020-06-23T10:32:50","slug":"welkom-op-onze-website","status":"publish","type":"page","link":"https:\/\/vanheur.nl\/","title":{"rendered":"Welkom op onze website"},"content":{"rendered":"<p>Met een team van ruim 30 enthousiaste medewerkers levert Internationaal Transportbedrijf R. van Heur haar diensten aan klanten in De Benelux, Duitsland, Oostenrijk, Zwitserland, Spanje, Itali\u00eb, Groot Brittanni\u00eb, Frankrijk en Denemarken.<\/p>\n<p>Van Heur staat voor kwaliteit en daar worden g\u00e9\u00e9n concessies aan gedaan. Nooit.<\/p>\n<p>Nederlandse chauffeurs, allen in het bezit van de benodigde rijvaardigheidsbewijzen, een goed onderhouden wagenpark en prima op- en overslagfaciliteiten, hebben ervoor gezorgd dat<br \/>\nR. van Heur een vaste gestaag groeiende klantenkring heeft opgebouwd.<\/p>\n","protected":false},"excerpt":{"rendered":"<p>Met een team van ruim 30 enthousiaste medewerkers levert Internationaal Transportbedrijf R. van Heur haar diensten aan klanten in De Benelux, Duitsland, Oostenrijk, Zwitserland, Spanje, Itali\u00eb, Groot Brittanni\u00eb, Frankrijk en Denemarken. Van Heur staat voor kwaliteit en daar worden g\u00e9\u00e9n concessies aan gedaan. Nooit. Nederlandse chauffeurs, allen in het bezit van de benodigde rijvaardigheidsbewijzen, een &hellip; <a href=\"https:\/\/vanheur.nl\/\" class=\"more-link\">Lees verder <span class=\"screen-reader-text\">Welkom op onze website<\/span> <span class=\"meta-nav\">&rarr;<\/span><\/a><\/p>\n","protected":false},"author":1,"featured_media":233,"parent":0,"menu_order":0,"comment_status":"closed","ping_status":"open","template":"","meta":{"footnotes":""},"class_list":["post-5","page","type-page","status-publish","has-post-thumbnail","hentry"],"_links":{"self":[{"href":"https:\/\/vanheur.nl\/index.php?rest_route=\/wp\/v2\/pages\/5","targetHints":{"allow":["GET"]}}],"collection":[{"href":"https:\/\/vanheur.nl\/index.php?rest_route=\/wp\/v2\/pages"}],"about":[{"href":"https:\/\/vanheur.nl\/index.php?rest_route=\/wp\/v2\/types\/page"}],"author":[{"embeddable":true,"href":"https:\/\/vanheur.nl\/index.php?rest_route=\/wp\/v2\/users\/1"}],"replies":[{"embeddable":true,"href":"https:\/\/vanheur.nl\/index.php?rest_route=%2Fwp%2Fv2%2Fcomments&post=5"}],"version-history":[{"count":5,"href":"https:\/\/vanheur.nl\/index.php?rest_route=\/wp\/v2\/pages\/5\/revisions"}],"predecessor-version":[{"id":235,"href":"https:\/\/vanheur.nl\/index.php?rest_route=\/wp\/v2\/pages\/5\/revisions\/235"}],"wp:featuredmedia":[{"embeddable":true,"href":"https:\/\/vanheur.nl\/index.php?rest_route=\/wp\/v2\/media\/233"}],"wp:attachment":[{"href":"https:\/\/vanheur.nl\/index.php?rest_route=%2Fwp%2Fv2%2Fmedia&parent=5"}],"curies":[{"name":"wp","href":"https:\/\/api.w.org\/{rel}","templated":true}]}}